{"id":631,"date":"2024-06-12T04:06:58","date_gmt":"2024-06-12T08:06:58","guid":{"rendered":"https:\/\/capexconnect.ca\/?page_id=631"},"modified":"2024-10-29T11:55:26","modified_gmt":"2024-10-29T15:55:26","slug":"accueil","status":"publish","type":"page","link":"https:\/\/capexconnect.ca\/fr\/","title":{"rendered":"Accueil"},"content":{"rendered":"<section id=\"block-451a0fa5732b0016\" class=\"block block-hero-1 lazyload\" data-bg=\"https:\/\/capexconnect.ca\/wp-content\/uploads\/2024\/07\/hero-banner-1-scaled.avif\">\n        <div class=\"container block-hero-1--container theme-light\">\n        <div class=\"block-hero-1--body\">\n            \n            <h1 class=\"block-hero-1--heading\">Construire des partenariats.<\/br>Stimuler la croissance.<\/h1>\n\n                            <div class=\"block-hero-1--intro entry-content\"><p>Capex Connect est un groupe d\u2019acheteurs d\u2019\u00e9quipements de location et de construction \u00e0 travers l\u2019Am\u00e9rique du Nord. Nous stimulons la croissance en nous concentrant sur les opportunit\u00e9s de groupe avec nos partenaires fournisseurs. Nos programmes permettent \u00e0 nos membres de r\u00e9aliser des \u00e9conomies au fur et \u00e0 mesure que, nous faisons davantage affaire avec nos fournisseurs, ce qui renforce la rentabilit\u00e9 des membres et augmente la part de march\u00e9 des fournisseurs.<\/p>\n<\/div>\n            \n                            <div class=\"block-hero-1--buttons\">\n                                                                                            <a class=\"btn  btn--primary block-hero-1--btn\" href=\"https:\/\/capexconnect.ca\/fr\/fournisseurs\/\" title=\"Fournisseurs\" target=\"\">\n                            Fournisseurs                        <\/a>\n                                                                                            <a class=\"btn  btn--reversed block-hero-1--btn\" href=\"https:\/\/capexconnect.ca\/fr\/membres\/\" title=\"Membres\" target=\"\">\n                            Membres                        <\/a>\n                                    <\/div>\n                    <\/div>\n    <\/div>\n\n    <style>\n        @media (min-width: 60em) {\n            #block-451a0fa5732b0016 .block-hero-1--body {\n                                            }\n        }\n    <\/style>\n<\/section>\n","protected":false},"excerpt":{"rendered":"","protected":false},"author":3,"featured_media":0,"parent":0,"menu_order":0,"comment_status":"closed","ping_status":"open","template":"","meta":{"_acf_changed":true,"footnotes":""},"class_list":["post-631","page","type-page","status-publish","hentry"],"acf":[],"yoast_head":"<!-- This site is optimized with the Yoast SEO plugin v25.4 - https:\/\/yoast.com\/wordpress\/plugins\/seo\/ -->\n<title>Accueil - Capex<\/title>\n<meta name=\"robots\" content=\"index, follow, max-snippet:-1, max-image-preview:large, max-video-preview:-1\" \/>\n<link rel=\"canonical\" href=\"https:\/\/capexconnect.ca\/fr\/\" \/>\n<meta property=\"og:locale\" content=\"fr_FR\" \/>\n<meta property=\"og:type\" content=\"article\" \/>\n<meta property=\"og:title\" content=\"Accueil - Capex\" \/>\n<meta property=\"og:url\" content=\"https:\/\/capexconnect.ca\/fr\/\" \/>\n<meta property=\"og:site_name\" content=\"Capex\" \/>\n<meta property=\"article:modified_time\" content=\"2024-10-29T15:55:26+00:00\" \/>\n<meta name=\"twitter:card\" content=\"summary_large_image\" \/>\n<script type=\"application\/ld+json\" class=\"yoast-schema-graph\">{\"@context\":\"https:\/\/schema.org\",\"@graph\":[{\"@type\":\"WebPage\",\"@id\":\"https:\/\/capexconnect.ca\/fr\/\",\"url\":\"https:\/\/capexconnect.ca\/fr\/\",\"name\":\"Accueil - Capex\",\"isPartOf\":{\"@id\":\"https:\/\/capexconnect.ca\/fr\/#website\"},\"datePublished\":\"2024-06-12T08:06:58+00:00\",\"dateModified\":\"2024-10-29T15:55:26+00:00\",\"breadcrumb\":{\"@id\":\"https:\/\/capexconnect.ca\/fr\/#breadcrumb\"},\"inLanguage\":\"fr-FR\",\"potentialAction\":[{\"@type\":\"ReadAction\",\"target\":[\"https:\/\/capexconnect.ca\/fr\/\"]}]},{\"@type\":\"BreadcrumbList\",\"@id\":\"https:\/\/capexconnect.ca\/fr\/#breadcrumb\",\"itemListElement\":[{\"@type\":\"ListItem\",\"position\":1,\"name\":\"Home\",\"item\":\"https:\/\/capexconnect.ca\/fr\/\"},{\"@type\":\"ListItem\",\"position\":2,\"name\":\"Accueil\"}]},{\"@type\":\"WebSite\",\"@id\":\"https:\/\/capexconnect.ca\/fr\/#website\",\"url\":\"https:\/\/capexconnect.ca\/fr\/\",\"name\":\"Capex\",\"description\":\"\",\"publisher\":{\"@id\":\"https:\/\/capexconnect.ca\/fr\/#organization\"},\"potentialAction\":[{\"@type\":\"SearchAction\",\"target\":{\"@type\":\"EntryPoint\",\"urlTemplate\":\"https:\/\/capexconnect.ca\/fr\/?s={search_term_string}\"},\"query-input\":{\"@type\":\"PropertyValueSpecification\",\"valueRequired\":true,\"valueName\":\"search_term_string\"}}],\"inLanguage\":\"fr-FR\"},{\"@type\":\"Organization\",\"@id\":\"https:\/\/capexconnect.ca\/fr\/#organization\",\"name\":\"Capex\",\"url\":\"https:\/\/capexconnect.ca\/fr\/\",\"logo\":{\"@type\":\"ImageObject\",\"inLanguage\":\"fr-FR\",\"@id\":\"https:\/\/capexconnect.ca\/fr\/#\/schema\/logo\/image\/\",\"url\":\"https:\/\/capexconnect.ca\/wp-content\/uploads\/2024\/09\/capex-favicon-120x120-2.png\",\"contentUrl\":\"https:\/\/capexconnect.ca\/wp-content\/uploads\/2024\/09\/capex-favicon-120x120-2.png\",\"width\":120,\"height\":120,\"caption\":\"Capex\"},\"image\":{\"@id\":\"https:\/\/capexconnect.ca\/fr\/#\/schema\/logo\/image\/\"}}]}<\/script>\n<!-- \/ Yoast SEO plugin. -->","yoast_head_json":{"title":"Accueil - Capex","robots":{"index":"index","follow":"follow","max-snippet":"max-snippet:-1","max-image-preview":"max-image-preview:large","max-video-preview":"max-video-preview:-1"},"canonical":"https:\/\/capexconnect.ca\/fr\/","og_locale":"fr_FR","og_type":"article","og_title":"Accueil - Capex","og_url":"https:\/\/capexconnect.ca\/fr\/","og_site_name":"Capex","article_modified_time":"2024-10-29T15:55:26+00:00","twitter_card":"summary_large_image","schema":{"@context":"https:\/\/schema.org","@graph":[{"@type":"WebPage","@id":"https:\/\/capexconnect.ca\/fr\/","url":"https:\/\/capexconnect.ca\/fr\/","name":"Accueil - Capex","isPartOf":{"@id":"https:\/\/capexconnect.ca\/fr\/#website"},"datePublished":"2024-06-12T08:06:58+00:00","dateModified":"2024-10-29T15:55:26+00:00","breadcrumb":{"@id":"https:\/\/capexconnect.ca\/fr\/#breadcrumb"},"inLanguage":"fr-FR","potentialAction":[{"@type":"ReadAction","target":["https:\/\/capexconnect.ca\/fr\/"]}]},{"@type":"BreadcrumbList","@id":"https:\/\/capexconnect.ca\/fr\/#breadcrumb","itemListElement":[{"@type":"ListItem","position":1,"name":"Home","item":"https:\/\/capexconnect.ca\/fr\/"},{"@type":"ListItem","position":2,"name":"Accueil"}]},{"@type":"WebSite","@id":"https:\/\/capexconnect.ca\/fr\/#website","url":"https:\/\/capexconnect.ca\/fr\/","name":"Capex","description":"","publisher":{"@id":"https:\/\/capexconnect.ca\/fr\/#organization"},"potentialAction":[{"@type":"SearchAction","target":{"@type":"EntryPoint","urlTemplate":"https:\/\/capexconnect.ca\/fr\/?s={search_term_string}"},"query-input":{"@type":"PropertyValueSpecification","valueRequired":true,"valueName":"search_term_string"}}],"inLanguage":"fr-FR"},{"@type":"Organization","@id":"https:\/\/capexconnect.ca\/fr\/#organization","name":"Capex","url":"https:\/\/capexconnect.ca\/fr\/","logo":{"@type":"ImageObject","inLanguage":"fr-FR","@id":"https:\/\/capexconnect.ca\/fr\/#\/schema\/logo\/image\/","url":"https:\/\/capexconnect.ca\/wp-content\/uploads\/2024\/09\/capex-favicon-120x120-2.png","contentUrl":"https:\/\/capexconnect.ca\/wp-content\/uploads\/2024\/09\/capex-favicon-120x120-2.png","width":120,"height":120,"caption":"Capex"},"image":{"@id":"https:\/\/capexconnect.ca\/fr\/#\/schema\/logo\/image\/"}}]}},"_links":{"self":[{"href":"https:\/\/capexconnect.ca\/fr\/wp-json\/wp\/v2\/pages\/631","targetHints":{"allow":["GET"]}}],"collection":[{"href":"https:\/\/capexconnect.ca\/fr\/wp-json\/wp\/v2\/pages"}],"about":[{"href":"https:\/\/capexconnect.ca\/fr\/wp-json\/wp\/v2\/types\/page"}],"author":[{"embeddable":true,"href":"https:\/\/capexconnect.ca\/fr\/wp-json\/wp\/v2\/users\/3"}],"replies":[{"embeddable":true,"href":"https:\/\/capexconnect.ca\/fr\/wp-json\/wp\/v2\/comments?post=631"}],"version-history":[{"count":0,"href":"https:\/\/capexconnect.ca\/fr\/wp-json\/wp\/v2\/pages\/631\/revisions"}],"wp:attachment":[{"href":"https:\/\/capexconnect.ca\/fr\/wp-json\/wp\/v2\/media?parent=631"}],"curies":[{"name":"wp","href":"https:\/\/api.w.org\/{rel}","templated":true}]}}