{"id":632,"date":"2024-06-12T04:40:25","date_gmt":"2024-06-12T08:40:25","guid":{"rendered":"https:\/\/capexconnect.ca\/?page_id=632"},"modified":"2024-10-29T11:57:04","modified_gmt":"2024-10-29T15:57:04","slug":"a-propos-de-nous","status":"publish","type":"page","link":"https:\/\/capexconnect.ca\/fr\/a-propos-de-nous\/","title":{"rendered":"\u00c0 propos de nous"},"content":{"rendered":"<section id=\"block-451a0fa5732b0016\" class=\"block block-hero-2 lazyload\" data-bg=\"https:\/\/capexconnect.ca\/wp-content\/uploads\/2024\/07\/Frame-101-1-scaled.avif\">\n    <div class=\"container block-hero-2--container theme-light\">\n        <div class=\"block-hero-2--body\">\n            <h1 class=\"block-hero-2--heading\">\u00c0 propos de nous <\/h1>\n        <\/div>\n    <\/div>\n\n    <style>\n        #block-451a0fa5732b0016 {\n                                }\n    <\/style>\n<\/section>\n\n\n<section id=\"block-1382fff761538a22\" class=\"block block-flip-grid-2 block-flip-grid-2--image-right\">\n    <div class=\"container\">\n        <div class=\"block-flip-grid-2--grid\">\n                            <div class=\"block-flip-grid-2--image\" data-aos=\"fade-in\" data-aos-delay=\"0\">\n                                            <noscript><img decoding=\"async\" width=\"687\" height=\"643\" src=\"https:\/\/capexconnect.ca\/wp-content\/uploads\/2024\/07\/map.svg\" class alt><\/noscript><img decoding=\"async\" width=\"687\" height=\"643\" src=\"data:image\/svg+xml,%3Csvg%20xmlns%3D%22http%3A%2F%2Fwww.w3.org%2F2000%2Fsvg%22%20viewBox%3D%220%200%20687%20643%22%3E%3C%2Fsvg%3E\" class=\" lazyload\" alt data-src=\"https:\/\/capexconnect.ca\/wp-content\/uploads\/2024\/07\/map.svg\">                                    <\/div>\n            \n                            <div class=\"block-flip-grid-2--content\" data-aos=\"fade-in\" data-aos-delay=\"300\">\n                    <div class=\"entry-content\">\n                        <h2>Nous connectons<\/h2>\n<p>Nous r\u00e9unissons nos membres et nos partenaires fournisseurs pour augmenter le volume d&rsquo;achats et la rentabilit\u00e9. Nous \u00e9voluons avec les conditions changeantes du march\u00e9, en veillant \u00e0 ce que les fournisseurs et les membres de Capex Connect re\u00e7oivent une valeur continue et croissante pour leur entreprise. Cet engagement offre une opportunit\u00e9 de croissance continue tout en pr\u00e9servant les relations entre nos membres et nos fournisseurs.<\/p>\n<p>Tout ce que nous faisons tourne autour de la fa\u00e7on dont nous pouvons contribuer au succ\u00e8s de votre entreprise.<\/p>\n                    <\/div>\n\n                                    <\/div>\n                    <\/div>\n    <\/div>\n\n    <style>\n        @media (min-width: 60em) {\n            #block-1382fff761538a22 .block-flip-grid-2--grid {\n                                padding-bottom: 45px;            }\n        }\n    <\/style>\n<\/section>\n\n\n<section id=\"block-243e9024718dd65e\" class=\"block block-flip-grid-1 block-flip-grid-1--image-left block-flip-grid-1--bg-colour2\">\n    <div class=\"block-flip-grid-1--grid\">\n                    <div class=\"block-flip-grid-1--column block-flip-grid-1--image align-items-center\" data-aos=\"fade-in\" data-aos-delay=\"0\">\n                <noscript><img decoding=\"async\" width=\"2135\" height=\"2560\" src=\"https:\/\/capexconnect.ca\/wp-content\/uploads\/2024\/08\/capex-aboutUs-scaled.webp\" class alt srcset=\"https:\/\/capexconnect.ca\/wp-content\/uploads\/2024\/08\/capex-aboutUs-scaled.webp 2135w, https:\/\/capexconnect.ca\/wp-content\/uploads\/2024\/08\/capex-aboutUs-250x300.webp 250w, https:\/\/capexconnect.ca\/wp-content\/uploads\/2024\/08\/capex-aboutUs-854x1024.webp 854w, https:\/\/capexconnect.ca\/wp-content\/uploads\/2024\/08\/capex-aboutUs-768x921.webp 768w, https:\/\/capexconnect.ca\/wp-content\/uploads\/2024\/08\/capex-aboutUs-1281x1536.webp 1281w, https:\/\/capexconnect.ca\/wp-content\/uploads\/2024\/08\/capex-aboutUs-1708x2048.webp 1708w\" sizes=\"(max-width: 2135px) 100vw, 2135px\"><\/noscript><img decoding=\"async\" width=\"2135\" height=\"2560\" src=\"data:image\/svg+xml,%3Csvg%20xmlns%3D%22http%3A%2F%2Fwww.w3.org%2F2000%2Fsvg%22%20viewBox%3D%220%200%202135%202560%22%3E%3C%2Fsvg%3E\" class=\" lazyload\" alt srcset=\"data:image\/svg+xml,%3Csvg%20xmlns%3D%22http%3A%2F%2Fwww.w3.org%2F2000%2Fsvg%22%20viewBox%3D%220%200%202135%202560%22%3E%3C%2Fsvg%3E 2135w\" sizes=\"(max-width: 2135px) 100vw, 2135px\" data-srcset=\"https:\/\/capexconnect.ca\/wp-content\/uploads\/2024\/08\/capex-aboutUs-scaled.webp 2135w, https:\/\/capexconnect.ca\/wp-content\/uploads\/2024\/08\/capex-aboutUs-250x300.webp 250w, https:\/\/capexconnect.ca\/wp-content\/uploads\/2024\/08\/capex-aboutUs-854x1024.webp 854w, https:\/\/capexconnect.ca\/wp-content\/uploads\/2024\/08\/capex-aboutUs-768x921.webp 768w, https:\/\/capexconnect.ca\/wp-content\/uploads\/2024\/08\/capex-aboutUs-1281x1536.webp 1281w, https:\/\/capexconnect.ca\/wp-content\/uploads\/2024\/08\/capex-aboutUs-1708x2048.webp 1708w\" data-src=\"https:\/\/capexconnect.ca\/wp-content\/uploads\/2024\/08\/capex-aboutUs-scaled.webp\">            <\/div>\n        \n                    <div class=\"block-flip-grid-1--column block-flip-grid-1--content align-items-center\" data-aos=\"fade-in\" data-aos-delay=\"300\">\n                <div class=\"container\">\n                    <div class=\"block-content--inner\">\n                        <div class=\"block-content\">\n                            <div class=\"entry-content\">\n                                <h2>Une soci\u00e9t\u00e9 NMG<\/h2>\n<h3 class=\"h4\">Capex est une soci\u00e9t\u00e9 NMG<\/h3>\n<p>New Market Group (NMG), bas\u00e9 \u00e0 Newmarket (Ontario), fait partie du premier portefeuille de groupes de marketing en Am\u00e9rique du Nord. Compos\u00e9e de groupes de marketing dans les secteurs de la restauration, de l\u2019approvisionnement industriel, de l\u2019\u00e9clairage, de la d\u00e9coration int\u00e9rieure et de l\u2019\u00e9quipement de construction, NMG dispose de :<\/p>\n<ul>\n<li><strong>Plus de 750 partenaires fournisseurs <\/strong><\/li>\n<li><strong>Plus de 1050 concessionnaires, distributeurs et membres de salle d\u2019exposition <\/strong><\/li>\n<li><strong>Plus de 45 ans d\u2019expertise dans l\u2019industrie<\/strong><\/li>\n<\/ul>\n<p>Depuis 1978, NMG entretient des relations \u00e9troites avec les principaux acteurs de l\u2019industrie. Notre \u00e9quipe de gestion de longue date fournit des ressources et des conseils dans le seul but d\u2019accro\u00eetre la rentabilit\u00e9 des membres et d\u2019augmenter les volumes de ventes des partenaires fournisseurs.<\/p>\n<p>NMG conna\u00eet bien le march\u00e9 mondial et son impact sur les industries dans lesquelles elle exerce ses activit\u00e9s. En outre, NMG g\u00e8re une division d\u2019information sur les march\u00e9s et offre des services de marketing adapt\u00e9s \u00e0 votre secteur d\u2019activit\u00e9 sp\u00e9cifique, donnant \u00e0 votre entreprise les outils n\u00e9cessaires pour rester comp\u00e9titive.<\/p>\n                            <\/div>\n\n                                                            <div class=\"block-button\">\n                                    <a href=\"https:\/\/newmarketgroup.com\/fr\/\" class=\"btn btn--icon-arrow btn--primary\" target=\"_blank\">En savoir plus<\/a>\n                                <\/div>\n                                                    <\/div>\n                    <\/div>\n                <\/div>\n            <\/div>\n            <\/div>\n\n    <style>\n        @media (min-width: 60em) {\n            #block-243e9024718dd65e .block-content {\n                                            }\n        }\n    <\/style>\n<\/section>\n","protected":false},"excerpt":{"rendered":"","protected":false},"author":3,"featured_media":0,"parent":0,"menu_order":0,"comment_status":"closed","ping_status":"closed","template":"","meta":{"_acf_changed":true,"footnotes":""},"class_list":["post-632","page","type-page","status-publish","hentry"],"acf":[],"yoast_head":"<!-- This site is optimized with the Yoast SEO plugin v25.4 - https:\/\/yoast.com\/wordpress\/plugins\/seo\/ -->\n<title>\u00c0 propos de nous - Capex<\/title>\n<meta name=\"robots\" content=\"index, follow, max-snippet:-1, max-image-preview:large, max-video-preview:-1\" \/>\n<link rel=\"canonical\" href=\"https:\/\/capexconnect.ca\/fr\/a-propos-de-nous\/\" \/>\n<meta property=\"og:locale\" content=\"fr_FR\" \/>\n<meta property=\"og:type\" content=\"article\" \/>\n<meta property=\"og:title\" content=\"\u00c0 propos de nous - Capex\" \/>\n<meta property=\"og:url\" content=\"https:\/\/capexconnect.ca\/fr\/a-propos-de-nous\/\" \/>\n<meta property=\"og:site_name\" content=\"Capex\" \/>\n<meta property=\"article:modified_time\" content=\"2024-10-29T15:57:04+00:00\" \/>\n<meta name=\"twitter:card\" content=\"summary_large_image\" \/>\n<script type=\"application\/ld+json\" class=\"yoast-schema-graph\">{\"@context\":\"https:\/\/schema.org\",\"@graph\":[{\"@type\":\"WebPage\",\"@id\":\"https:\/\/capexconnect.ca\/fr\/a-propos-de-nous\/\",\"url\":\"https:\/\/capexconnect.ca\/fr\/a-propos-de-nous\/\",\"name\":\"\u00c0 propos de nous - Capex\",\"isPartOf\":{\"@id\":\"https:\/\/capexconnect.ca\/fr\/#website\"},\"datePublished\":\"2024-06-12T08:40:25+00:00\",\"dateModified\":\"2024-10-29T15:57:04+00:00\",\"breadcrumb\":{\"@id\":\"https:\/\/capexconnect.ca\/fr\/a-propos-de-nous\/#breadcrumb\"},\"inLanguage\":\"fr-FR\",\"potentialAction\":[{\"@type\":\"ReadAction\",\"target\":[\"https:\/\/capexconnect.ca\/fr\/a-propos-de-nous\/\"]}]},{\"@type\":\"BreadcrumbList\",\"@id\":\"https:\/\/capexconnect.ca\/fr\/a-propos-de-nous\/#breadcrumb\",\"itemListElement\":[{\"@type\":\"ListItem\",\"position\":1,\"name\":\"Home\",\"item\":\"https:\/\/capexconnect.ca\/fr\/\"},{\"@type\":\"ListItem\",\"position\":2,\"name\":\"\u00c0 propos de nous\"}]},{\"@type\":\"WebSite\",\"@id\":\"https:\/\/capexconnect.ca\/fr\/#website\",\"url\":\"https:\/\/capexconnect.ca\/fr\/\",\"name\":\"Capex\",\"description\":\"\",\"publisher\":{\"@id\":\"https:\/\/capexconnect.ca\/fr\/#organization\"},\"potentialAction\":[{\"@type\":\"SearchAction\",\"target\":{\"@type\":\"EntryPoint\",\"urlTemplate\":\"https:\/\/capexconnect.ca\/fr\/?s={search_term_string}\"},\"query-input\":{\"@type\":\"PropertyValueSpecification\",\"valueRequired\":true,\"valueName\":\"search_term_string\"}}],\"inLanguage\":\"fr-FR\"},{\"@type\":\"Organization\",\"@id\":\"https:\/\/capexconnect.ca\/fr\/#organization\",\"name\":\"Capex\",\"url\":\"https:\/\/capexconnect.ca\/fr\/\",\"logo\":{\"@type\":\"ImageObject\",\"inLanguage\":\"fr-FR\",\"@id\":\"https:\/\/capexconnect.ca\/fr\/#\/schema\/logo\/image\/\",\"url\":\"https:\/\/capexconnect.ca\/wp-content\/uploads\/2024\/09\/capex-favicon-120x120-2.png\",\"contentUrl\":\"https:\/\/capexconnect.ca\/wp-content\/uploads\/2024\/09\/capex-favicon-120x120-2.png\",\"width\":120,\"height\":120,\"caption\":\"Capex\"},\"image\":{\"@id\":\"https:\/\/capexconnect.ca\/fr\/#\/schema\/logo\/image\/\"}}]}<\/script>\n<!-- \/ Yoast SEO plugin. -->","yoast_head_json":{"title":"\u00c0 propos de nous - Capex","robots":{"index":"index","follow":"follow","max-snippet":"max-snippet:-1","max-image-preview":"max-image-preview:large","max-video-preview":"max-video-preview:-1"},"canonical":"https:\/\/capexconnect.ca\/fr\/a-propos-de-nous\/","og_locale":"fr_FR","og_type":"article","og_title":"\u00c0 propos de nous - Capex","og_url":"https:\/\/capexconnect.ca\/fr\/a-propos-de-nous\/","og_site_name":"Capex","article_modified_time":"2024-10-29T15:57:04+00:00","twitter_card":"summary_large_image","schema":{"@context":"https:\/\/schema.org","@graph":[{"@type":"WebPage","@id":"https:\/\/capexconnect.ca\/fr\/a-propos-de-nous\/","url":"https:\/\/capexconnect.ca\/fr\/a-propos-de-nous\/","name":"\u00c0 propos de nous - Capex","isPartOf":{"@id":"https:\/\/capexconnect.ca\/fr\/#website"},"datePublished":"2024-06-12T08:40:25+00:00","dateModified":"2024-10-29T15:57:04+00:00","breadcrumb":{"@id":"https:\/\/capexconnect.ca\/fr\/a-propos-de-nous\/#breadcrumb"},"inLanguage":"fr-FR","potentialAction":[{"@type":"ReadAction","target":["https:\/\/capexconnect.ca\/fr\/a-propos-de-nous\/"]}]},{"@type":"BreadcrumbList","@id":"https:\/\/capexconnect.ca\/fr\/a-propos-de-nous\/#breadcrumb","itemListElement":[{"@type":"ListItem","position":1,"name":"Home","item":"https:\/\/capexconnect.ca\/fr\/"},{"@type":"ListItem","position":2,"name":"\u00c0 propos de nous"}]},{"@type":"WebSite","@id":"https:\/\/capexconnect.ca\/fr\/#website","url":"https:\/\/capexconnect.ca\/fr\/","name":"Capex","description":"","publisher":{"@id":"https:\/\/capexconnect.ca\/fr\/#organization"},"potentialAction":[{"@type":"SearchAction","target":{"@type":"EntryPoint","urlTemplate":"https:\/\/capexconnect.ca\/fr\/?s={search_term_string}"},"query-input":{"@type":"PropertyValueSpecification","valueRequired":true,"valueName":"search_term_string"}}],"inLanguage":"fr-FR"},{"@type":"Organization","@id":"https:\/\/capexconnect.ca\/fr\/#organization","name":"Capex","url":"https:\/\/capexconnect.ca\/fr\/","logo":{"@type":"ImageObject","inLanguage":"fr-FR","@id":"https:\/\/capexconnect.ca\/fr\/#\/schema\/logo\/image\/","url":"https:\/\/capexconnect.ca\/wp-content\/uploads\/2024\/09\/capex-favicon-120x120-2.png","contentUrl":"https:\/\/capexconnect.ca\/wp-content\/uploads\/2024\/09\/capex-favicon-120x120-2.png","width":120,"height":120,"caption":"Capex"},"image":{"@id":"https:\/\/capexconnect.ca\/fr\/#\/schema\/logo\/image\/"}}]}},"_links":{"self":[{"href":"https:\/\/capexconnect.ca\/fr\/wp-json\/wp\/v2\/pages\/632","targetHints":{"allow":["GET"]}}],"collection":[{"href":"https:\/\/capexconnect.ca\/fr\/wp-json\/wp\/v2\/pages"}],"about":[{"href":"https:\/\/capexconnect.ca\/fr\/wp-json\/wp\/v2\/types\/page"}],"author":[{"embeddable":true,"href":"https:\/\/capexconnect.ca\/fr\/wp-json\/wp\/v2\/users\/3"}],"replies":[{"embeddable":true,"href":"https:\/\/capexconnect.ca\/fr\/wp-json\/wp\/v2\/comments?post=632"}],"version-history":[{"count":0,"href":"https:\/\/capexconnect.ca\/fr\/wp-json\/wp\/v2\/pages\/632\/revisions"}],"wp:attachment":[{"href":"https:\/\/capexconnect.ca\/fr\/wp-json\/wp\/v2\/media?parent=632"}],"curies":[{"name":"wp","href":"https:\/\/api.w.org\/{rel}","templated":true}]}}