{"id":634,"date":"2024-07-29T08:38:10","date_gmt":"2024-07-29T12:38:10","guid":{"rendered":"https:\/\/capexconnect.ca\/?page_id=634"},"modified":"2024-10-29T11:59:52","modified_gmt":"2024-10-29T15:59:52","slug":"fournisseurs","status":"publish","type":"page","link":"https:\/\/capexconnect.ca\/fr\/fournisseurs\/","title":{"rendered":"Fournisseurs"},"content":{"rendered":"<section id=\"block-451a0fa5732b0016\" class=\"block block-hero-2 lazyload\" data-bg=\"https:\/\/capexconnect.ca\/wp-content\/uploads\/2024\/08\/capex-supplier-banner-2-scaled.avif\">\n    <div class=\"container block-hero-2--container theme-light\">\n        <div class=\"block-hero-2--body\">\n            <h1 class=\"block-hero-2--heading\">Fournisseurs<\/h1>\n        <\/div>\n    <\/div>\n\n    <style>\n        #block-451a0fa5732b0016 {\n                                }\n    <\/style>\n<\/section>\n\n\n<section id=\"block-1382fff761538a22\" class=\"block block-flip-grid-1 block-flip-grid-1--image-right block-flip-grid-1--bg-colour1\">\n    <div class=\"block-flip-grid-1--grid\">\n                    <div class=\"block-flip-grid-1--column block-flip-grid-1--image align-items-center\" data-aos=\"fade-in\" data-aos-delay=\"0\">\n                <noscript><img decoding=\"async\" width=\"1728\" height=\"1220\" src=\"https:\/\/capexconnect.ca\/wp-content\/uploads\/2024\/08\/capex-supplier-01-jpg.webp\" class alt srcset=\"https:\/\/capexconnect.ca\/wp-content\/uploads\/2024\/08\/capex-supplier-01-jpg.webp 1728w, https:\/\/capexconnect.ca\/wp-content\/uploads\/2024\/08\/capex-supplier-01-300x212.webp 300w, https:\/\/capexconnect.ca\/wp-content\/uploads\/2024\/08\/capex-supplier-01-1024x723.webp 1024w, https:\/\/capexconnect.ca\/wp-content\/uploads\/2024\/08\/capex-supplier-01-768x542.webp 768w, https:\/\/capexconnect.ca\/wp-content\/uploads\/2024\/08\/capex-supplier-01-1536x1084.webp 1536w\" sizes=\"(max-width: 1728px) 100vw, 1728px\"><\/noscript><img decoding=\"async\" width=\"1728\" height=\"1220\" src=\"data:image\/svg+xml,%3Csvg%20xmlns%3D%22http%3A%2F%2Fwww.w3.org%2F2000%2Fsvg%22%20viewBox%3D%220%200%201728%201220%22%3E%3C%2Fsvg%3E\" class=\" lazyload\" alt srcset=\"data:image\/svg+xml,%3Csvg%20xmlns%3D%22http%3A%2F%2Fwww.w3.org%2F2000%2Fsvg%22%20viewBox%3D%220%200%201728%201220%22%3E%3C%2Fsvg%3E 1728w\" sizes=\"(max-width: 1728px) 100vw, 1728px\" data-srcset=\"https:\/\/capexconnect.ca\/wp-content\/uploads\/2024\/08\/capex-supplier-01-jpg.webp 1728w, https:\/\/capexconnect.ca\/wp-content\/uploads\/2024\/08\/capex-supplier-01-300x212.webp 300w, https:\/\/capexconnect.ca\/wp-content\/uploads\/2024\/08\/capex-supplier-01-1024x723.webp 1024w, https:\/\/capexconnect.ca\/wp-content\/uploads\/2024\/08\/capex-supplier-01-768x542.webp 768w, https:\/\/capexconnect.ca\/wp-content\/uploads\/2024\/08\/capex-supplier-01-1536x1084.webp 1536w\" data-src=\"https:\/\/capexconnect.ca\/wp-content\/uploads\/2024\/08\/capex-supplier-01-jpg.webp\">            <\/div>\n        \n                    <div class=\"block-flip-grid-1--column block-flip-grid-1--content align-items-center\" data-aos=\"fade-in\" data-aos-delay=\"300\">\n                <div class=\"container\">\n                    <div class=\"block-content--inner\">\n                        <div class=\"block-content\">\n                            <div class=\"entry-content\">\n                                <h2>Pourquoi CAPEX Connect<\/h2>\n<p>Capex Connect fait la promotion de votre entreprise et de votre \u00e9quipement aupr\u00e8s de nos membres par le biais de nos programmes. Nous vous \u00ab relions \u00bb \u00e0 un groupe croissant d\u2019acheteurs d\u2019\u00e9quipement de location et de construction \u00e0 travers l\u2019Am\u00e9rique du Nord et \u00e0 leurs \u00ab\u202fd\u00e9penses en capital\u202f\u00bb.<\/p>\n<ul>\n<li>Nous travaillons avec vous pour d\u00e9velopper votre programme<\/li>\n<li>Nous r\u00e9alisons des ventes pour stimuler votre croissance et augmenter votre part de march\u00e9<\/li>\n<li>Nos membres b\u00e9n\u00e9ficient d\u2019\u00e9conomies bas\u00e9es sur le volume<\/li>\n<li>Nous en ressortons tous gagnants<\/li>\n<\/ul>\n                            <\/div>\n\n                                                    <\/div>\n                    <\/div>\n                <\/div>\n            <\/div>\n            <\/div>\n\n    <style>\n        @media (min-width: 60em) {\n            #block-1382fff761538a22 .block-content {\n                padding-top: 92px;                            }\n        }\n    <\/style>\n<\/section>\n\n\n<section id=\"block-243e9024718dd65e\" class=\"block block-flip-grid-1 block-flip-grid-1--image-left block-flip-grid-1--bg-colour2\">\n    <div class=\"block-flip-grid-1--grid\">\n                    <div class=\"block-flip-grid-1--column block-flip-grid-1--image align-items-center\" data-aos=\"fade-in\" data-aos-delay=\"0\">\n                <noscript><img decoding=\"async\" width=\"2560\" height=\"1713\" src=\"https:\/\/capexconnect.ca\/wp-content\/uploads\/2024\/08\/capex-supplier-02-scaled.webp\" class alt srcset=\"https:\/\/capexconnect.ca\/wp-content\/uploads\/2024\/08\/capex-supplier-02-scaled.webp 2560w, https:\/\/capexconnect.ca\/wp-content\/uploads\/2024\/08\/capex-supplier-02-300x201.webp 300w, https:\/\/capexconnect.ca\/wp-content\/uploads\/2024\/08\/capex-supplier-02-1024x685.webp 1024w, https:\/\/capexconnect.ca\/wp-content\/uploads\/2024\/08\/capex-supplier-02-768x514.webp 768w, https:\/\/capexconnect.ca\/wp-content\/uploads\/2024\/08\/capex-supplier-02-1536x1028.webp 1536w, https:\/\/capexconnect.ca\/wp-content\/uploads\/2024\/08\/capex-supplier-02-2048x1370.webp 2048w\" sizes=\"(max-width: 2560px) 100vw, 2560px\"><\/noscript><img decoding=\"async\" width=\"2560\" height=\"1713\" src=\"data:image\/svg+xml,%3Csvg%20xmlns%3D%22http%3A%2F%2Fwww.w3.org%2F2000%2Fsvg%22%20viewBox%3D%220%200%202560%201713%22%3E%3C%2Fsvg%3E\" class=\" lazyload\" alt srcset=\"data:image\/svg+xml,%3Csvg%20xmlns%3D%22http%3A%2F%2Fwww.w3.org%2F2000%2Fsvg%22%20viewBox%3D%220%200%202560%201713%22%3E%3C%2Fsvg%3E 2560w\" sizes=\"(max-width: 2560px) 100vw, 2560px\" data-srcset=\"https:\/\/capexconnect.ca\/wp-content\/uploads\/2024\/08\/capex-supplier-02-scaled.webp 2560w, https:\/\/capexconnect.ca\/wp-content\/uploads\/2024\/08\/capex-supplier-02-300x201.webp 300w, https:\/\/capexconnect.ca\/wp-content\/uploads\/2024\/08\/capex-supplier-02-1024x685.webp 1024w, https:\/\/capexconnect.ca\/wp-content\/uploads\/2024\/08\/capex-supplier-02-768x514.webp 768w, https:\/\/capexconnect.ca\/wp-content\/uploads\/2024\/08\/capex-supplier-02-1536x1028.webp 1536w, https:\/\/capexconnect.ca\/wp-content\/uploads\/2024\/08\/capex-supplier-02-2048x1370.webp 2048w\" data-src=\"https:\/\/capexconnect.ca\/wp-content\/uploads\/2024\/08\/capex-supplier-02-scaled.webp\">            <\/div>\n        \n                    <div class=\"block-flip-grid-1--column block-flip-grid-1--content align-items-center\" data-aos=\"fade-in\" data-aos-delay=\"300\">\n                <div class=\"container\">\n                    <div class=\"block-content--inner\">\n                        <div class=\"block-content\">\n                            <div class=\"entry-content\">\n                                <h2>D\u00e9veloppez votre entreprise<\/h2>\n<p>Notre objectif est de faire cro\u00eetre votre entreprise en faisant la promotion de votre \u00e9quipement et de vos opportunit\u00e9s aupr\u00e8s de nos membres par le biais de :<\/p>\n<ul>\n<li>Communications directes par le biais de r\u00e9unions individuelles, appels t\u00e9l\u00e9phoniques, par courriels et SMS<\/li>\n<li>Des campagnes cibl\u00e9es qui vous permettent de vous faire conna\u00eetre<\/li>\n<li>BrandWell de NMGboost \u2013 un portail de ressources qui h\u00e9berge les informations et les ressources dont nos membres ont besoin pour faire davantage d\u2019affaires avec vous<\/li>\n<\/ul>\n                            <\/div>\n\n                                                    <\/div>\n                    <\/div>\n                <\/div>\n            <\/div>\n            <\/div>\n\n    <style>\n        @media (min-width: 60em) {\n            #block-243e9024718dd65e .block-content {\n                                            }\n        }\n    <\/style>\n<\/section>\n\n\n<section id=\"block-b2472c98918cbb66\" class=\"block block-cta-banner-4\" >\n    <div class=\"container\">\n        <div class=\"block-cta-banner-4--grid\">\n            <div class=\"block-cta-banner-4--content\">\n                                    <h2 class=\"block-cta-banner-4--heading\">\n                        L\u2019union fait la force                    <\/h2>\n                \n                                    <div class=\"block-cta-banner-4--inner-content entry-content\">\n                        <p>Devenez un partenaire fournisseur de Capex Connect et d\u00e9veloppez votre entreprise gr\u00e2ce \u00e0 notre r\u00e9pertoire de membres du secteur de la location et de la construction \u00e0 travers l\u2019Am\u00e9rique du Nord.<\/p>\n                    <\/div>\n                \n                <div class=\"block-cta-banner-4--buttons\">\n                                            <div class=\"block-button\">\n                            <a href=\"https:\/\/capexconnect.ca\/fr\/contactez-nous\/\" class=\"btn btn--primary btn--icon-arrow\" target=\"\">Devenir un partenaire fournisseur<\/a>\n                        <\/div>\n                    \n                                    <\/div>\n            <\/div>\n        <\/div>\n    <\/div>\n\n    <style>\n        #block-b2472c98918cbb66 {\n                                }\n    <\/style>\n<\/section>\n\n\n<section id=\"block-4b30fdea43ec79ec\" class=\"block block-full-width-image bg-color1\">\n    <div class=\"block-full-width-image--wrapper\">\n        \n        <noscript><img decoding=\"async\" width=\"1728\" height=\"486\" src=\"https:\/\/capexconnect.ca\/wp-content\/uploads\/2024\/07\/Frame-280.svg\" class alt><\/noscript><img decoding=\"async\" width=\"1728\" height=\"486\" src=\"data:image\/svg+xml,%3Csvg%20xmlns%3D%22http%3A%2F%2Fwww.w3.org%2F2000%2Fsvg%22%20viewBox%3D%220%200%201728%20486%22%3E%3C%2Fsvg%3E\" class=\" lazyload\" alt data-src=\"https:\/\/capexconnect.ca\/wp-content\/uploads\/2024\/07\/Frame-280.svg\">    <\/div>\n\n    <style>\n        #block-4b30fdea43ec79ec {\n                                }\n    <\/style>\n<\/section>\n","protected":false},"excerpt":{"rendered":"","protected":false},"author":3,"featured_media":0,"parent":0,"menu_order":0,"comment_status":"closed","ping_status":"closed","template":"","meta":{"_acf_changed":true,"footnotes":""},"class_list":["post-634","page","type-page","status-publish","hentry"],"acf":[],"yoast_head":"<!-- This site is optimized with the Yoast SEO plugin v25.4 - https:\/\/yoast.com\/wordpress\/plugins\/seo\/ -->\n<title>Fournisseurs - Capex<\/title>\n<meta name=\"robots\" content=\"index, follow, max-snippet:-1, max-image-preview:large, max-video-preview:-1\" \/>\n<link rel=\"canonical\" href=\"https:\/\/capexconnect.ca\/fr\/fournisseurs\/\" \/>\n<meta property=\"og:locale\" content=\"fr_FR\" \/>\n<meta property=\"og:type\" content=\"article\" \/>\n<meta property=\"og:title\" content=\"Fournisseurs - Capex\" \/>\n<meta property=\"og:url\" content=\"https:\/\/capexconnect.ca\/fr\/fournisseurs\/\" \/>\n<meta property=\"og:site_name\" content=\"Capex\" \/>\n<meta property=\"article:modified_time\" content=\"2024-10-29T15:59:52+00:00\" \/>\n<meta name=\"twitter:card\" content=\"summary_large_image\" \/>\n<script type=\"application\/ld+json\" class=\"yoast-schema-graph\">{\"@context\":\"https:\/\/schema.org\",\"@graph\":[{\"@type\":\"WebPage\",\"@id\":\"https:\/\/capexconnect.ca\/fr\/fournisseurs\/\",\"url\":\"https:\/\/capexconnect.ca\/fr\/fournisseurs\/\",\"name\":\"Fournisseurs - Capex\",\"isPartOf\":{\"@id\":\"https:\/\/capexconnect.ca\/fr\/#website\"},\"datePublished\":\"2024-07-29T12:38:10+00:00\",\"dateModified\":\"2024-10-29T15:59:52+00:00\",\"breadcrumb\":{\"@id\":\"https:\/\/capexconnect.ca\/fr\/fournisseurs\/#breadcrumb\"},\"inLanguage\":\"fr-FR\",\"potentialAction\":[{\"@type\":\"ReadAction\",\"target\":[\"https:\/\/capexconnect.ca\/fr\/fournisseurs\/\"]}]},{\"@type\":\"BreadcrumbList\",\"@id\":\"https:\/\/capexconnect.ca\/fr\/fournisseurs\/#breadcrumb\",\"itemListElement\":[{\"@type\":\"ListItem\",\"position\":1,\"name\":\"Home\",\"item\":\"https:\/\/capexconnect.ca\/fr\/\"},{\"@type\":\"ListItem\",\"position\":2,\"name\":\"Fournisseurs\"}]},{\"@type\":\"WebSite\",\"@id\":\"https:\/\/capexconnect.ca\/fr\/#website\",\"url\":\"https:\/\/capexconnect.ca\/fr\/\",\"name\":\"Capex\",\"description\":\"\",\"publisher\":{\"@id\":\"https:\/\/capexconnect.ca\/fr\/#organization\"},\"potentialAction\":[{\"@type\":\"SearchAction\",\"target\":{\"@type\":\"EntryPoint\",\"urlTemplate\":\"https:\/\/capexconnect.ca\/fr\/?s={search_term_string}\"},\"query-input\":{\"@type\":\"PropertyValueSpecification\",\"valueRequired\":true,\"valueName\":\"search_term_string\"}}],\"inLanguage\":\"fr-FR\"},{\"@type\":\"Organization\",\"@id\":\"https:\/\/capexconnect.ca\/fr\/#organization\",\"name\":\"Capex\",\"url\":\"https:\/\/capexconnect.ca\/fr\/\",\"logo\":{\"@type\":\"ImageObject\",\"inLanguage\":\"fr-FR\",\"@id\":\"https:\/\/capexconnect.ca\/fr\/#\/schema\/logo\/image\/\",\"url\":\"https:\/\/capexconnect.ca\/wp-content\/uploads\/2024\/09\/capex-favicon-120x120-2.png\",\"contentUrl\":\"https:\/\/capexconnect.ca\/wp-content\/uploads\/2024\/09\/capex-favicon-120x120-2.png\",\"width\":120,\"height\":120,\"caption\":\"Capex\"},\"image\":{\"@id\":\"https:\/\/capexconnect.ca\/fr\/#\/schema\/logo\/image\/\"}}]}<\/script>\n<!-- \/ Yoast SEO plugin. -->","yoast_head_json":{"title":"Fournisseurs - Capex","robots":{"index":"index","follow":"follow","max-snippet":"max-snippet:-1","max-image-preview":"max-image-preview:large","max-video-preview":"max-video-preview:-1"},"canonical":"https:\/\/capexconnect.ca\/fr\/fournisseurs\/","og_locale":"fr_FR","og_type":"article","og_title":"Fournisseurs - Capex","og_url":"https:\/\/capexconnect.ca\/fr\/fournisseurs\/","og_site_name":"Capex","article_modified_time":"2024-10-29T15:59:52+00:00","twitter_card":"summary_large_image","schema":{"@context":"https:\/\/schema.org","@graph":[{"@type":"WebPage","@id":"https:\/\/capexconnect.ca\/fr\/fournisseurs\/","url":"https:\/\/capexconnect.ca\/fr\/fournisseurs\/","name":"Fournisseurs - Capex","isPartOf":{"@id":"https:\/\/capexconnect.ca\/fr\/#website"},"datePublished":"2024-07-29T12:38:10+00:00","dateModified":"2024-10-29T15:59:52+00:00","breadcrumb":{"@id":"https:\/\/capexconnect.ca\/fr\/fournisseurs\/#breadcrumb"},"inLanguage":"fr-FR","potentialAction":[{"@type":"ReadAction","target":["https:\/\/capexconnect.ca\/fr\/fournisseurs\/"]}]},{"@type":"BreadcrumbList","@id":"https:\/\/capexconnect.ca\/fr\/fournisseurs\/#breadcrumb","itemListElement":[{"@type":"ListItem","position":1,"name":"Home","item":"https:\/\/capexconnect.ca\/fr\/"},{"@type":"ListItem","position":2,"name":"Fournisseurs"}]},{"@type":"WebSite","@id":"https:\/\/capexconnect.ca\/fr\/#website","url":"https:\/\/capexconnect.ca\/fr\/","name":"Capex","description":"","publisher":{"@id":"https:\/\/capexconnect.ca\/fr\/#organization"},"potentialAction":[{"@type":"SearchAction","target":{"@type":"EntryPoint","urlTemplate":"https:\/\/capexconnect.ca\/fr\/?s={search_term_string}"},"query-input":{"@type":"PropertyValueSpecification","valueRequired":true,"valueName":"search_term_string"}}],"inLanguage":"fr-FR"},{"@type":"Organization","@id":"https:\/\/capexconnect.ca\/fr\/#organization","name":"Capex","url":"https:\/\/capexconnect.ca\/fr\/","logo":{"@type":"ImageObject","inLanguage":"fr-FR","@id":"https:\/\/capexconnect.ca\/fr\/#\/schema\/logo\/image\/","url":"https:\/\/capexconnect.ca\/wp-content\/uploads\/2024\/09\/capex-favicon-120x120-2.png","contentUrl":"https:\/\/capexconnect.ca\/wp-content\/uploads\/2024\/09\/capex-favicon-120x120-2.png","width":120,"height":120,"caption":"Capex"},"image":{"@id":"https:\/\/capexconnect.ca\/fr\/#\/schema\/logo\/image\/"}}]}},"_links":{"self":[{"href":"https:\/\/capexconnect.ca\/fr\/wp-json\/wp\/v2\/pages\/634","targetHints":{"allow":["GET"]}}],"collection":[{"href":"https:\/\/capexconnect.ca\/fr\/wp-json\/wp\/v2\/pages"}],"about":[{"href":"https:\/\/capexconnect.ca\/fr\/wp-json\/wp\/v2\/types\/page"}],"author":[{"embeddable":true,"href":"https:\/\/capexconnect.ca\/fr\/wp-json\/wp\/v2\/users\/3"}],"replies":[{"embeddable":true,"href":"https:\/\/capexconnect.ca\/fr\/wp-json\/wp\/v2\/comments?post=634"}],"version-history":[{"count":0,"href":"https:\/\/capexconnect.ca\/fr\/wp-json\/wp\/v2\/pages\/634\/revisions"}],"wp:attachment":[{"href":"https:\/\/capexconnect.ca\/fr\/wp-json\/wp\/v2\/media?parent=634"}],"curies":[{"name":"wp","href":"https:\/\/api.w.org\/{rel}","templated":true}]}}