{"id":635,"date":"2024-07-29T08:38:27","date_gmt":"2024-07-29T12:38:27","guid":{"rendered":"https:\/\/capexconnect.ca\/?page_id=635"},"modified":"2024-10-29T12:02:30","modified_gmt":"2024-10-29T16:02:30","slug":"membres","status":"publish","type":"page","link":"https:\/\/capexconnect.ca\/fr\/membres\/","title":{"rendered":"Membres"},"content":{"rendered":"<section id=\"block-451a0fa5732b0016\" class=\"block block-hero-2 lazyload\" data-bg=\"https:\/\/capexconnect.ca\/wp-content\/uploads\/2024\/08\/capex-member-banner.png\">\n    <div class=\"container block-hero-2--container theme-light\">\n        <div class=\"block-hero-2--body\">\n            <h1 class=\"block-hero-2--heading\">Membres<\/h1>\n        <\/div>\n    <\/div>\n\n    <style>\n        #block-451a0fa5732b0016 {\n                                }\n    <\/style>\n<\/section>\n\n\n<section id=\"block-1382fff761538a22\" class=\"block block-flip-grid-1 block-flip-grid-1--image-right block-flip-grid-1--bg-colour1\">\n    <div class=\"block-flip-grid-1--grid\">\n                    <div class=\"block-flip-grid-1--column block-flip-grid-1--image align-items-center\" data-aos=\"fade-in\" data-aos-delay=\"0\">\n                <noscript><img decoding=\"async\" width=\"1728\" height=\"960\" src=\"https:\/\/capexconnect.ca\/wp-content\/uploads\/2024\/07\/Frame-2681-1-jpg.avif\" class alt srcset=\"https:\/\/capexconnect.ca\/wp-content\/uploads\/2024\/07\/Frame-2681-1-jpg.avif 1728w, https:\/\/capexconnect.ca\/wp-content\/uploads\/2024\/07\/Frame-2681-1-300x167.avif 300w, https:\/\/capexconnect.ca\/wp-content\/uploads\/2024\/07\/Frame-2681-1-1024x569.avif 1024w, https:\/\/capexconnect.ca\/wp-content\/uploads\/2024\/07\/Frame-2681-1-768x427.avif 768w, https:\/\/capexconnect.ca\/wp-content\/uploads\/2024\/07\/Frame-2681-1-1536x853.avif 1536w\" sizes=\"(max-width: 1728px) 100vw, 1728px\"><\/noscript><img decoding=\"async\" width=\"1728\" height=\"960\" src=\"data:image\/svg+xml,%3Csvg%20xmlns%3D%22http%3A%2F%2Fwww.w3.org%2F2000%2Fsvg%22%20viewBox%3D%220%200%201728%20960%22%3E%3C%2Fsvg%3E\" class=\" lazyload\" alt srcset=\"data:image\/svg+xml,%3Csvg%20xmlns%3D%22http%3A%2F%2Fwww.w3.org%2F2000%2Fsvg%22%20viewBox%3D%220%200%201728%20960%22%3E%3C%2Fsvg%3E 1728w\" sizes=\"(max-width: 1728px) 100vw, 1728px\" data-srcset=\"https:\/\/capexconnect.ca\/wp-content\/uploads\/2024\/07\/Frame-2681-1-jpg.avif 1728w, https:\/\/capexconnect.ca\/wp-content\/uploads\/2024\/07\/Frame-2681-1-300x167.avif 300w, https:\/\/capexconnect.ca\/wp-content\/uploads\/2024\/07\/Frame-2681-1-1024x569.avif 1024w, https:\/\/capexconnect.ca\/wp-content\/uploads\/2024\/07\/Frame-2681-1-768x427.avif 768w, https:\/\/capexconnect.ca\/wp-content\/uploads\/2024\/07\/Frame-2681-1-1536x853.avif 1536w\" data-src=\"https:\/\/capexconnect.ca\/wp-content\/uploads\/2024\/07\/Frame-2681-1-jpg.avif\">            <\/div>\n        \n                    <div class=\"block-flip-grid-1--column block-flip-grid-1--content align-items-center\" data-aos=\"fade-in\" data-aos-delay=\"300\">\n                <div class=\"container\">\n                    <div class=\"block-content--inner\">\n                        <div class=\"block-content\">\n                            <div class=\"entry-content\">\n                                <h2>Pourquoi CAPEX Connect<\/h2>\n<p>Nous nous engageons \u00e0 assurer le succ\u00e8s de votre entreprise en cr\u00e9ant des opportunit\u00e9s d\u2019\u00e9conomies pour vous gr\u00e2ce \u00e0 nos partenaires fournisseurs de premier plan. Nous mettons en relation les acheteurs d\u2019\u00e9quipement de location et de construction avec les opportunit\u00e9s offertes par nos fournisseurs pour vous permettre de r\u00e9aliser des \u00e9conomies tout en augmentant les ventes et la part de march\u00e9 de nos partenaires fournisseurs.<\/p>\n<p>&nbsp;<\/p>\n                            <\/div>\n\n                                                    <\/div>\n                    <\/div>\n                <\/div>\n            <\/div>\n            <\/div>\n\n    <style>\n        @media (min-width: 60em) {\n            #block-1382fff761538a22 .block-content {\n                                            }\n        }\n    <\/style>\n<\/section>\n\n\n<section id=\"block-243e9024718dd65e\" class=\"block block-flip-grid-1 block-flip-grid-1--image-left block-flip-grid-1--bg-colour2\">\n    <div class=\"block-flip-grid-1--grid\">\n                    <div class=\"block-flip-grid-1--column block-flip-grid-1--image align-items-center\" data-aos=\"fade-in\" data-aos-delay=\"0\">\n                <noscript><img decoding=\"async\" width=\"1728\" height=\"954\" src=\"https:\/\/capexconnect.ca\/wp-content\/uploads\/2024\/08\/capex-member-02-jpg.webp\" class alt srcset=\"https:\/\/capexconnect.ca\/wp-content\/uploads\/2024\/08\/capex-member-02-jpg.webp 1728w, https:\/\/capexconnect.ca\/wp-content\/uploads\/2024\/08\/capex-member-02-300x166.webp 300w, https:\/\/capexconnect.ca\/wp-content\/uploads\/2024\/08\/capex-member-02-1024x565.webp 1024w, https:\/\/capexconnect.ca\/wp-content\/uploads\/2024\/08\/capex-member-02-768x424.webp 768w, https:\/\/capexconnect.ca\/wp-content\/uploads\/2024\/08\/capex-member-02-1536x848.webp 1536w\" sizes=\"(max-width: 1728px) 100vw, 1728px\"><\/noscript><img decoding=\"async\" width=\"1728\" height=\"954\" src=\"data:image\/svg+xml,%3Csvg%20xmlns%3D%22http%3A%2F%2Fwww.w3.org%2F2000%2Fsvg%22%20viewBox%3D%220%200%201728%20954%22%3E%3C%2Fsvg%3E\" class=\" lazyload\" alt srcset=\"data:image\/svg+xml,%3Csvg%20xmlns%3D%22http%3A%2F%2Fwww.w3.org%2F2000%2Fsvg%22%20viewBox%3D%220%200%201728%20954%22%3E%3C%2Fsvg%3E 1728w\" sizes=\"(max-width: 1728px) 100vw, 1728px\" data-srcset=\"https:\/\/capexconnect.ca\/wp-content\/uploads\/2024\/08\/capex-member-02-jpg.webp 1728w, https:\/\/capexconnect.ca\/wp-content\/uploads\/2024\/08\/capex-member-02-300x166.webp 300w, https:\/\/capexconnect.ca\/wp-content\/uploads\/2024\/08\/capex-member-02-1024x565.webp 1024w, https:\/\/capexconnect.ca\/wp-content\/uploads\/2024\/08\/capex-member-02-768x424.webp 768w, https:\/\/capexconnect.ca\/wp-content\/uploads\/2024\/08\/capex-member-02-1536x848.webp 1536w\" data-src=\"https:\/\/capexconnect.ca\/wp-content\/uploads\/2024\/08\/capex-member-02-jpg.webp\">            <\/div>\n        \n                    <div class=\"block-flip-grid-1--column block-flip-grid-1--content align-items-center\" data-aos=\"fade-in\" data-aos-delay=\"300\">\n                <div class=\"container\">\n                    <div class=\"block-content--inner\">\n                        <div class=\"block-content\">\n                            <div class=\"entry-content\">\n                                <h2>Des avantages collectifs tout en pr\u00e9servant votre autonomie<\/h2>\n<p>Continuez \u00e0 acheter de l\u2019\u00e9quipement directement aupr\u00e8s des fournisseurs comme d\u2019habitude, avec un meilleur r\u00e9sultat net. En tant que membre de Capex Connect, vous entretenez vos relations directes avec nos partenaires fournisseurs comme vous l\u2019avez toujours fait, tout en b\u00e9n\u00e9ficiant de nos programmes qui r\u00e9duisent vos co\u00fbts d\u2019\u00e9quipement et augmentent votre rentabilit\u00e9.<\/p>\n<p>&nbsp;<\/p>\n                            <\/div>\n\n                                                    <\/div>\n                    <\/div>\n                <\/div>\n            <\/div>\n            <\/div>\n\n    <style>\n        @media (min-width: 60em) {\n            #block-243e9024718dd65e .block-content {\n                                            }\n        }\n    <\/style>\n<\/section>\n\n\n<section id=\"block-b2472c98918cbb66\" class=\"block block-cta-banner-4\" >\n    <div class=\"container\">\n        <div class=\"block-cta-banner-4--grid\">\n            <div class=\"block-cta-banner-4--content\">\n                                    <h2 class=\"block-cta-banner-4--heading\">\n                        L\u2019union fait la force                    <\/h2>\n                \n                                    <div class=\"block-cta-banner-4--inner-content entry-content\">\n                        <p>Les membres Capex Connect b\u00e9n\u00e9ficient de nos programmes bas\u00e9s sur la taille et la force combin\u00e9es du groupe, r\u00e9duisant vos co\u00fbts et augmentant votre rentabilit\u00e9.<\/p>\n<p>Joignez-vous \u00e0 Capex Connect et faites partie du plus important groupe d\u2019acheteurs d\u2019\u00e9quipements de location et de construction en Am\u00e9rique du Nord.<\/p>\n                    <\/div>\n                \n                <div class=\"block-cta-banner-4--buttons\">\n                                            <div class=\"block-button\">\n                            <a href=\"https:\/\/capexconnect.ca\/fr\/contactez-nous\/\" class=\"btn btn--primary btn--icon-arrow\" target=\"\">Devenir membre<\/a>\n                        <\/div>\n                    \n                                    <\/div>\n            <\/div>\n        <\/div>\n    <\/div>\n\n    <style>\n        #block-b2472c98918cbb66 {\n                                }\n    <\/style>\n<\/section>\n\n\n<section id=\"block-4b30fdea43ec79ec\" class=\"block block-full-width-image bg-color1\">\n    <div class=\"block-full-width-image--wrapper\">\n        \n        <noscript><img decoding=\"async\" width=\"1728\" height=\"486\" src=\"https:\/\/capexconnect.ca\/wp-content\/uploads\/2024\/07\/Frame-280.svg\" class alt><\/noscript><img decoding=\"async\" width=\"1728\" height=\"486\" src=\"data:image\/svg+xml,%3Csvg%20xmlns%3D%22http%3A%2F%2Fwww.w3.org%2F2000%2Fsvg%22%20viewBox%3D%220%200%201728%20486%22%3E%3C%2Fsvg%3E\" class=\" lazyload\" alt data-src=\"https:\/\/capexconnect.ca\/wp-content\/uploads\/2024\/07\/Frame-280.svg\">    <\/div>\n\n    <style>\n        #block-4b30fdea43ec79ec {\n                                }\n    <\/style>\n<\/section>\n","protected":false},"excerpt":{"rendered":"","protected":false},"author":3,"featured_media":0,"parent":0,"menu_order":0,"comment_status":"closed","ping_status":"closed","template":"","meta":{"_acf_changed":true,"footnotes":""},"class_list":["post-635","page","type-page","status-publish","hentry"],"acf":[],"yoast_head":"<!-- This site is optimized with the Yoast SEO plugin v25.4 - https:\/\/yoast.com\/wordpress\/plugins\/seo\/ -->\n<title>Membres - Capex<\/title>\n<meta name=\"robots\" content=\"index, follow, max-snippet:-1, max-image-preview:large, max-video-preview:-1\" \/>\n<link rel=\"canonical\" href=\"https:\/\/capexconnect.ca\/fr\/membres\/\" \/>\n<meta property=\"og:locale\" content=\"fr_FR\" \/>\n<meta property=\"og:type\" content=\"article\" \/>\n<meta property=\"og:title\" content=\"Membres - Capex\" \/>\n<meta property=\"og:url\" content=\"https:\/\/capexconnect.ca\/fr\/membres\/\" \/>\n<meta property=\"og:site_name\" content=\"Capex\" \/>\n<meta property=\"article:modified_time\" content=\"2024-10-29T16:02:30+00:00\" \/>\n<meta name=\"twitter:card\" content=\"summary_large_image\" \/>\n<script type=\"application\/ld+json\" class=\"yoast-schema-graph\">{\"@context\":\"https:\/\/schema.org\",\"@graph\":[{\"@type\":\"WebPage\",\"@id\":\"https:\/\/capexconnect.ca\/fr\/membres\/\",\"url\":\"https:\/\/capexconnect.ca\/fr\/membres\/\",\"name\":\"Membres - Capex\",\"isPartOf\":{\"@id\":\"https:\/\/capexconnect.ca\/fr\/#website\"},\"datePublished\":\"2024-07-29T12:38:27+00:00\",\"dateModified\":\"2024-10-29T16:02:30+00:00\",\"breadcrumb\":{\"@id\":\"https:\/\/capexconnect.ca\/fr\/membres\/#breadcrumb\"},\"inLanguage\":\"fr-FR\",\"potentialAction\":[{\"@type\":\"ReadAction\",\"target\":[\"https:\/\/capexconnect.ca\/fr\/membres\/\"]}]},{\"@type\":\"BreadcrumbList\",\"@id\":\"https:\/\/capexconnect.ca\/fr\/membres\/#breadcrumb\",\"itemListElement\":[{\"@type\":\"ListItem\",\"position\":1,\"name\":\"Home\",\"item\":\"https:\/\/capexconnect.ca\/fr\/\"},{\"@type\":\"ListItem\",\"position\":2,\"name\":\"Membres\"}]},{\"@type\":\"WebSite\",\"@id\":\"https:\/\/capexconnect.ca\/fr\/#website\",\"url\":\"https:\/\/capexconnect.ca\/fr\/\",\"name\":\"Capex\",\"description\":\"\",\"publisher\":{\"@id\":\"https:\/\/capexconnect.ca\/fr\/#organization\"},\"potentialAction\":[{\"@type\":\"SearchAction\",\"target\":{\"@type\":\"EntryPoint\",\"urlTemplate\":\"https:\/\/capexconnect.ca\/fr\/?s={search_term_string}\"},\"query-input\":{\"@type\":\"PropertyValueSpecification\",\"valueRequired\":true,\"valueName\":\"search_term_string\"}}],\"inLanguage\":\"fr-FR\"},{\"@type\":\"Organization\",\"@id\":\"https:\/\/capexconnect.ca\/fr\/#organization\",\"name\":\"Capex\",\"url\":\"https:\/\/capexconnect.ca\/fr\/\",\"logo\":{\"@type\":\"ImageObject\",\"inLanguage\":\"fr-FR\",\"@id\":\"https:\/\/capexconnect.ca\/fr\/#\/schema\/logo\/image\/\",\"url\":\"https:\/\/capexconnect.ca\/wp-content\/uploads\/2024\/09\/capex-favicon-120x120-2.png\",\"contentUrl\":\"https:\/\/capexconnect.ca\/wp-content\/uploads\/2024\/09\/capex-favicon-120x120-2.png\",\"width\":120,\"height\":120,\"caption\":\"Capex\"},\"image\":{\"@id\":\"https:\/\/capexconnect.ca\/fr\/#\/schema\/logo\/image\/\"}}]}<\/script>\n<!-- \/ Yoast SEO plugin. -->","yoast_head_json":{"title":"Membres - Capex","robots":{"index":"index","follow":"follow","max-snippet":"max-snippet:-1","max-image-preview":"max-image-preview:large","max-video-preview":"max-video-preview:-1"},"canonical":"https:\/\/capexconnect.ca\/fr\/membres\/","og_locale":"fr_FR","og_type":"article","og_title":"Membres - Capex","og_url":"https:\/\/capexconnect.ca\/fr\/membres\/","og_site_name":"Capex","article_modified_time":"2024-10-29T16:02:30+00:00","twitter_card":"summary_large_image","schema":{"@context":"https:\/\/schema.org","@graph":[{"@type":"WebPage","@id":"https:\/\/capexconnect.ca\/fr\/membres\/","url":"https:\/\/capexconnect.ca\/fr\/membres\/","name":"Membres - Capex","isPartOf":{"@id":"https:\/\/capexconnect.ca\/fr\/#website"},"datePublished":"2024-07-29T12:38:27+00:00","dateModified":"2024-10-29T16:02:30+00:00","breadcrumb":{"@id":"https:\/\/capexconnect.ca\/fr\/membres\/#breadcrumb"},"inLanguage":"fr-FR","potentialAction":[{"@type":"ReadAction","target":["https:\/\/capexconnect.ca\/fr\/membres\/"]}]},{"@type":"BreadcrumbList","@id":"https:\/\/capexconnect.ca\/fr\/membres\/#breadcrumb","itemListElement":[{"@type":"ListItem","position":1,"name":"Home","item":"https:\/\/capexconnect.ca\/fr\/"},{"@type":"ListItem","position":2,"name":"Membres"}]},{"@type":"WebSite","@id":"https:\/\/capexconnect.ca\/fr\/#website","url":"https:\/\/capexconnect.ca\/fr\/","name":"Capex","description":"","publisher":{"@id":"https:\/\/capexconnect.ca\/fr\/#organization"},"potentialAction":[{"@type":"SearchAction","target":{"@type":"EntryPoint","urlTemplate":"https:\/\/capexconnect.ca\/fr\/?s={search_term_string}"},"query-input":{"@type":"PropertyValueSpecification","valueRequired":true,"valueName":"search_term_string"}}],"inLanguage":"fr-FR"},{"@type":"Organization","@id":"https:\/\/capexconnect.ca\/fr\/#organization","name":"Capex","url":"https:\/\/capexconnect.ca\/fr\/","logo":{"@type":"ImageObject","inLanguage":"fr-FR","@id":"https:\/\/capexconnect.ca\/fr\/#\/schema\/logo\/image\/","url":"https:\/\/capexconnect.ca\/wp-content\/uploads\/2024\/09\/capex-favicon-120x120-2.png","contentUrl":"https:\/\/capexconnect.ca\/wp-content\/uploads\/2024\/09\/capex-favicon-120x120-2.png","width":120,"height":120,"caption":"Capex"},"image":{"@id":"https:\/\/capexconnect.ca\/fr\/#\/schema\/logo\/image\/"}}]}},"_links":{"self":[{"href":"https:\/\/capexconnect.ca\/fr\/wp-json\/wp\/v2\/pages\/635","targetHints":{"allow":["GET"]}}],"collection":[{"href":"https:\/\/capexconnect.ca\/fr\/wp-json\/wp\/v2\/pages"}],"about":[{"href":"https:\/\/capexconnect.ca\/fr\/wp-json\/wp\/v2\/types\/page"}],"author":[{"embeddable":true,"href":"https:\/\/capexconnect.ca\/fr\/wp-json\/wp\/v2\/users\/3"}],"replies":[{"embeddable":true,"href":"https:\/\/capexconnect.ca\/fr\/wp-json\/wp\/v2\/comments?post=635"}],"version-history":[{"count":0,"href":"https:\/\/capexconnect.ca\/fr\/wp-json\/wp\/v2\/pages\/635\/revisions"}],"wp:attachment":[{"href":"https:\/\/capexconnect.ca\/fr\/wp-json\/wp\/v2\/media?parent=635"}],"curies":[{"name":"wp","href":"https:\/\/api.w.org\/{rel}","templated":true}]}}